{"id":768,"date":"2020-01-31T22:11:32","date_gmt":"2020-01-31T21:11:32","guid":{"rendered":"http:\/\/spokesheaven.com\/?page_id=768"},"modified":"2026-01-02T22:12:51","modified_gmt":"2026-01-02T21:12:51","slug":"widerrufsbelehrung-und-formular","status":"publish","type":"page","link":"https:\/\/spokesheaven.com\/en\/rechtliches\/widerrufsbelehrung-und-formular\/","title":{"rendered":"Cancellation policy (German)"},"content":{"rendered":"<div data-elementor-type=\"wp-page\" data-elementor-id=\"768\" class=\"elementor elementor-768\">\n\t\t\t\t\t\t<section class=\"elementor-section elementor-top-section elementor-element elementor-element-02ec4ca elementor-section-boxed elementor-section-height-default elementor-section-height-default\" data-id=\"02ec4ca\" data-element_type=\"section\" data-e-type=\"section\">\n\t\t\t\t\t\t<div class=\"elementor-container elementor-column-gap-default\">\n\t\t\t\t\t<div class=\"elementor-column elementor-col-100 elementor-top-column elementor-element elementor-element-9c9bdcb\" data-id=\"9c9bdcb\" data-element_type=\"column\" data-e-type=\"column\">\n\t\t\t<div class=\"elementor-widget-wrap elementor-element-populated\">\n\t\t\t\t\t\t<div class=\"elementor-element elementor-element-0847788 elementor-widget elementor-widget-text-editor\" data-id=\"0847788\" data-element_type=\"widget\" data-e-type=\"widget\" data-widget_type=\"text-editor.default\">\n\t\t\t\t<div class=\"elementor-widget-container\">\n\t\t\t\t\t\t\t\t\t<p>Widerrufsbelehrung, Widerrufsrecht: Sie k\u00f6nnen Ihre Vertragserkl\u00e4rung innerhalb von 1 Monat ohne Angabe von Gr\u00fcnden in Textform (z. B. Brief, Fax, E-Mail) oder telefonisch widerrufen. Die Frist beginnt nach Erhalt dieser Belehrung in Textform, jedoch nicht vor Eingang der Ware beim Empf\u00e4nger (bei der wiederkehrenden Lieferung gleichartiger Waren nicht vor dem Eingang der ersten Teillieferung) und auch nicht vor Erf\u00fcllung unserer Informationspflichten gem\u00e4\u00df Artikel 246 \u00a7 2 in Verbindung mit \u00a7 1 Abs. 1 und 2 EGBGB sowie unserer Pflichten gem\u00e4\u00df \u00a7 312e Abs. 1 Satz 1 BGB in Verbindung mit Artikel 246 \u00a7 3 EGBGB. Zur Wahrung der Widerrufsfrist gen\u00fcgt die rechtzeitige Absendung des Widerrufs oder der Sache. <br \/>Der Widerruf ist zu richten an:<\/p><p>Thomas M\u00fchlenberg <br \/>Buschkante 3<br \/>45472 M\u00fclheim an der Ruhr<br \/>Deutschland <br \/>Telefon: +49 208 69806282<br \/>Fax: +49 208 69806282<br \/>E-Mail: info@spokesheaven.com<\/p><p>Widerrufsfolgen: Im Falle eines wirksamen Widerrufs sind die beiderseits empfangenen Leistungen zur\u00fcckzugew\u00e4hren und ggf. gezogene Nutzungen (z. B. Zinsen) herauszugeben. K\u00f6nnen Sie uns die empfangene Leistung ganz oder teilweise nicht oder nur in verschlechtertem Zustand zur\u00fcckgew\u00e4hren, m\u00fcssen Sie uns insoweit ggf. Wertersatz leisten. Bei der \u00dcberlassung von Sachen gilt dies nicht, wenn die Verschlechterung der Sache ausschlie\u00dflich auf deren Pr\u00fcfung &#8211; wie sie Ihnen etwa im Ladengesch\u00e4ft m\u00f6glich gewesen w\u00e4re &#8211; zur\u00fcckzuf\u00fchren ist. Im \u00dcbrigen k\u00f6nnen Sie die Pflicht zum Wertersatz f\u00fcr eine durch die bestimmungsgem\u00e4\u00dfe Ingebrauchnahme der Sache entstandene Verschlechterung vermeiden, indem Sie die Sache nicht wie Ihr Eigentum in Gebrauch nehmen und alles unterlassen, was deren Wert beeintr\u00e4chtigt. Paketversandf\u00e4hige Sachen sind auf unsere Gefahr zur\u00fcckzusenden. Sie haben die Kosten der R\u00fccksendung zu tragen, wenn die gelieferte Ware der bestellten entspricht. Nicht paketversandf\u00e4hige Sachen werden bei Ihnen abgeholt. Verpflichtungen zur Erstattung von Zahlungen m\u00fcssen innerhalb von 14 Tagen erf\u00fcllt werden. Die Frist beginnt f\u00fcr Sie mit der Absendung Ihrer Widerrufserkl\u00e4rung oder der Sache, f\u00fcr uns mit deren Empfang. Wir behalten uns das Recht vor, die R\u00fcckzahlung solange zur\u00fcckzuhalten, bis Sie die der Ware Absendung nachgewiesen haben (\u201eZur\u00fcckbehaltungsrecht\u201c, \u00a7 357 Abs. 4 neue Fassung). <br \/>Ende der Widerrufsbelehrung.<\/p><p>&#8212;&#8212;&#8211;<\/p><p>Widerrufsformular<\/p><p>(Wenn Sie den Vertrag widerrufen wollen, dann f\u00fcllen Sie bitte dieses Formular aus und senden Sie es zur\u00fcck.)<\/p><p>An <br \/>Thomas M\u00fchlenberg <br \/>Buschkante 3<br \/>45472 M\u00fclheim an der Ruhr <br \/>Deutschland <br \/>Telefon: +49 208 69806282<br \/>Fax: +49 208 69806282<br \/>E-Mail: info@spokesheaven.com<\/p><p>Hiermit widerrufe(n) ich\/wir (*) den von mir\/uns (*) abgeschlossenen Vertrag \u00fcber den Kauf der folgenden Waren (*)\/die Erbringung der folgenden Dienstleistung (*) <br \/>Bestellt am (*)\/erhalten am (*) <br \/>Name des\/der Verbraucher(s) Anschrift des\/der Verbraucher(s) Unterschrift des\/der Verbraucher(s) (nur bei Mitteilung auf Papier) <br \/>Datum<\/p><p>(*) = Unzutreffendes streichen.<\/p><p><a href=\"https:\/\/spokesheaven.com\/en\/j\/shop\/withdrawalpdfdownload\/\"> Muster-Widerrufsformular herunterladen<\/a><\/p>\t\t\t\t\t\t\t\t<\/div>\n\t\t\t\t<\/div>\n\t\t\t\t\t<\/div>\n\t\t<\/div>\n\t\t\t\t\t<\/div>\n\t\t<\/section>\n\t\t\t\t<\/div>","protected":false},"excerpt":{"rendered":"<p>Widerrufsbelehrung, Widerrufsrecht: Sie k\u00f6nnen Ihre Vertragserkl\u00e4rung innerhalb von 1 Monat ohne Angabe von Gr\u00fcnden in Textform (z. B. Brief, Fax, E-Mail) oder telefonisch widerrufen. Die Frist beginnt nach Erhalt dieser Belehrung in Textform, jedoch nicht vor Eingang der Ware beim Empf\u00e4nger (bei der wiederkehrenden Lieferung gleichartiger Waren nicht vor dem Eingang der ersten Teillieferung) und [&hellip;]<\/p>\n","protected":false},"author":2,"featured_media":0,"parent":760,"menu_order":0,"comment_status":"closed","ping_status":"closed","template":"","meta":{"footnotes":""},"class_list":["post-768","page","type-page","status-publish","hentry"],"yoast_head":"<!-- This site is optimized with the Yoast SEO plugin v27.4 - https:\/\/yoast.com\/product\/yoast-seo-wordpress\/ -->\n<title>Widerrufsbelehrung und -formular - Spokesheaven<\/title>\n<meta name=\"robots\" content=\"index, follow, max-snippet:-1, max-image-preview:large, max-video-preview:-1\" \/>\n<link rel=\"canonical\" href=\"https:\/\/spokesheaven.com\/en\/rechtliches\/widerrufsbelehrung-und-formular\/\" \/>\n<meta property=\"og:locale\" content=\"en_US\" \/>\n<meta property=\"og:type\" content=\"article\" \/>\n<meta property=\"og:title\" content=\"Widerrufsbelehrung und -formular - Spokesheaven\" \/>\n<meta property=\"og:description\" content=\"Widerrufsbelehrung, Widerrufsrecht: Sie k\u00f6nnen Ihre Vertragserkl\u00e4rung innerhalb von 1 Monat ohne Angabe von Gr\u00fcnden in Textform (z. B. Brief, Fax, E-Mail) oder telefonisch widerrufen. Die Frist beginnt nach Erhalt dieser Belehrung in Textform, jedoch nicht vor Eingang der Ware beim Empf\u00e4nger (bei der wiederkehrenden Lieferung gleichartiger Waren nicht vor dem Eingang der ersten Teillieferung) und [&hellip;]\" \/>\n<meta property=\"og:url\" content=\"https:\/\/spokesheaven.com\/en\/rechtliches\/widerrufsbelehrung-und-formular\/\" \/>\n<meta property=\"og:site_name\" content=\"Spokesheaven\" \/>\n<meta property=\"article:modified_time\" content=\"2026-01-02T21:12:51+00:00\" \/>\n<meta name=\"twitter:card\" content=\"summary_large_image\" \/>\n<meta name=\"twitter:label1\" content=\"Est. reading time\" \/>\n\t<meta name=\"twitter:data1\" content=\"3 minutes\" \/>\n<script type=\"application\/ld+json\" class=\"yoast-schema-graph\">{\"@context\":\"https:\\\/\\\/schema.org\",\"@graph\":[{\"@type\":\"WebPage\",\"@id\":\"https:\\\/\\\/spokesheaven.com\\\/rechtliches\\\/widerrufsbelehrung-und-formular\\\/\",\"url\":\"https:\\\/\\\/spokesheaven.com\\\/rechtliches\\\/widerrufsbelehrung-und-formular\\\/\",\"name\":\"Widerrufsbelehrung und -formular - Spokesheaven\",\"isPartOf\":{\"@id\":\"https:\\\/\\\/spokesheaven.com\\\/#website\"},\"datePublished\":\"2020-01-31T21:11:32+00:00\",\"dateModified\":\"2026-01-02T21:12:51+00:00\",\"breadcrumb\":{\"@id\":\"https:\\\/\\\/spokesheaven.com\\\/rechtliches\\\/widerrufsbelehrung-und-formular\\\/#breadcrumb\"},\"inLanguage\":\"en-US\",\"potentialAction\":[{\"@type\":\"ReadAction\",\"target\":[\"https:\\\/\\\/spokesheaven.com\\\/rechtliches\\\/widerrufsbelehrung-und-formular\\\/\"]}]},{\"@type\":\"BreadcrumbList\",\"@id\":\"https:\\\/\\\/spokesheaven.com\\\/rechtliches\\\/widerrufsbelehrung-und-formular\\\/#breadcrumb\",\"itemListElement\":[{\"@type\":\"ListItem\",\"position\":1,\"name\":\"Startseite\",\"item\":\"https:\\\/\\\/spokesheaven.com\\\/\"},{\"@type\":\"ListItem\",\"position\":2,\"name\":\"Rechtliches\",\"item\":\"https:\\\/\\\/spokesheaven.com\\\/rechtliches\\\/\"},{\"@type\":\"ListItem\",\"position\":3,\"name\":\"Widerrufsbelehrung und -formular\"}]},{\"@type\":\"WebSite\",\"@id\":\"https:\\\/\\\/spokesheaven.com\\\/#website\",\"url\":\"https:\\\/\\\/spokesheaven.com\\\/\",\"name\":\"Spokesheaven\",\"description\":\"Specialty Aero Spokes and more\",\"potentialAction\":[{\"@type\":\"SearchAction\",\"target\":{\"@type\":\"EntryPoint\",\"urlTemplate\":\"https:\\\/\\\/spokesheaven.com\\\/?s={search_term_string}\"},\"query-input\":{\"@type\":\"PropertyValueSpecification\",\"valueRequired\":true,\"valueName\":\"search_term_string\"}}],\"inLanguage\":\"en-US\"}]}<\/script>\n<!-- \/ Yoast SEO plugin. -->","yoast_head_json":{"title":"Widerrufsbelehrung und -formular - Spokesheaven","robots":{"index":"index","follow":"follow","max-snippet":"max-snippet:-1","max-image-preview":"max-image-preview:large","max-video-preview":"max-video-preview:-1"},"canonical":"https:\/\/spokesheaven.com\/en\/rechtliches\/widerrufsbelehrung-und-formular\/","og_locale":"en_US","og_type":"article","og_title":"Widerrufsbelehrung und -formular - Spokesheaven","og_description":"Widerrufsbelehrung, Widerrufsrecht: Sie k\u00f6nnen Ihre Vertragserkl\u00e4rung innerhalb von 1 Monat ohne Angabe von Gr\u00fcnden in Textform (z. B. Brief, Fax, E-Mail) oder telefonisch widerrufen. Die Frist beginnt nach Erhalt dieser Belehrung in Textform, jedoch nicht vor Eingang der Ware beim Empf\u00e4nger (bei der wiederkehrenden Lieferung gleichartiger Waren nicht vor dem Eingang der ersten Teillieferung) und [&hellip;]","og_url":"https:\/\/spokesheaven.com\/en\/rechtliches\/widerrufsbelehrung-und-formular\/","og_site_name":"Spokesheaven","article_modified_time":"2026-01-02T21:12:51+00:00","twitter_card":"summary_large_image","twitter_misc":{"Est. reading time":"3 minutes"},"schema":{"@context":"https:\/\/schema.org","@graph":[{"@type":"WebPage","@id":"https:\/\/spokesheaven.com\/rechtliches\/widerrufsbelehrung-und-formular\/","url":"https:\/\/spokesheaven.com\/rechtliches\/widerrufsbelehrung-und-formular\/","name":"Widerrufsbelehrung und -formular - Spokesheaven","isPartOf":{"@id":"https:\/\/spokesheaven.com\/#website"},"datePublished":"2020-01-31T21:11:32+00:00","dateModified":"2026-01-02T21:12:51+00:00","breadcrumb":{"@id":"https:\/\/spokesheaven.com\/rechtliches\/widerrufsbelehrung-und-formular\/#breadcrumb"},"inLanguage":"en-US","potentialAction":[{"@type":"ReadAction","target":["https:\/\/spokesheaven.com\/rechtliches\/widerrufsbelehrung-und-formular\/"]}]},{"@type":"BreadcrumbList","@id":"https:\/\/spokesheaven.com\/rechtliches\/widerrufsbelehrung-und-formular\/#breadcrumb","itemListElement":[{"@type":"ListItem","position":1,"name":"Startseite","item":"https:\/\/spokesheaven.com\/"},{"@type":"ListItem","position":2,"name":"Rechtliches","item":"https:\/\/spokesheaven.com\/rechtliches\/"},{"@type":"ListItem","position":3,"name":"Widerrufsbelehrung und -formular"}]},{"@type":"WebSite","@id":"https:\/\/spokesheaven.com\/#website","url":"https:\/\/spokesheaven.com\/","name":"Spokesheaven","description":"Specialty Aero Spokes and more","potentialAction":[{"@type":"SearchAction","target":{"@type":"EntryPoint","urlTemplate":"https:\/\/spokesheaven.com\/?s={search_term_string}"},"query-input":{"@type":"PropertyValueSpecification","valueRequired":true,"valueName":"search_term_string"}}],"inLanguage":"en-US"}]}},"jetpack_sharing_enabled":true,"_links":{"self":[{"href":"https:\/\/spokesheaven.com\/en\/wp-json\/wp\/v2\/pages\/768","targetHints":{"allow":["GET"]}}],"collection":[{"href":"https:\/\/spokesheaven.com\/en\/wp-json\/wp\/v2\/pages"}],"about":[{"href":"https:\/\/spokesheaven.com\/en\/wp-json\/wp\/v2\/types\/page"}],"author":[{"embeddable":true,"href":"https:\/\/spokesheaven.com\/en\/wp-json\/wp\/v2\/users\/2"}],"replies":[{"embeddable":true,"href":"https:\/\/spokesheaven.com\/en\/wp-json\/wp\/v2\/comments?post=768"}],"version-history":[{"count":10,"href":"https:\/\/spokesheaven.com\/en\/wp-json\/wp\/v2\/pages\/768\/revisions"}],"predecessor-version":[{"id":1866,"href":"https:\/\/spokesheaven.com\/en\/wp-json\/wp\/v2\/pages\/768\/revisions\/1866"}],"up":[{"embeddable":true,"href":"https:\/\/spokesheaven.com\/en\/wp-json\/wp\/v2\/pages\/760"}],"wp:attachment":[{"href":"https:\/\/spokesheaven.com\/en\/wp-json\/wp\/v2\/media?parent=768"}],"curies":[{"name":"wp","href":"https:\/\/api.w.org\/{rel}","templated":true}]}}