{"id":795,"date":"2020-01-31T23:03:05","date_gmt":"2020-01-31T22:03:05","guid":{"rendered":"http:\/\/spokesheaven.com\/?page_id=795"},"modified":"2020-03-20T20:35:57","modified_gmt":"2020-03-20T19:35:57","slug":"liefer-und-zahlungsbedingungen","status":"publish","type":"page","link":"https:\/\/spokesheaven.com\/en\/rechtliches\/liefer-und-zahlungsbedingungen\/","title":{"rendered":"Payment and Shipping"},"content":{"rendered":"<div data-elementor-type=\"wp-page\" data-elementor-id=\"795\" class=\"elementor elementor-795\">\n\t\t\t\t\t\t<section class=\"elementor-section elementor-top-section elementor-element elementor-element-a4f30a4 elementor-section-boxed elementor-section-height-default elementor-section-height-default\" data-id=\"a4f30a4\" data-element_type=\"section\" data-e-type=\"section\">\n\t\t\t\t\t\t<div class=\"elementor-container elementor-column-gap-default\">\n\t\t\t\t\t<div class=\"elementor-column elementor-col-100 elementor-top-column elementor-element elementor-element-81471ae\" data-id=\"81471ae\" data-element_type=\"column\" data-e-type=\"column\">\n\t\t\t<div class=\"elementor-widget-wrap elementor-element-populated\">\n\t\t\t\t\t\t<div class=\"elementor-element elementor-element-b8491a4 elementor-widget elementor-widget-text-editor\" data-id=\"b8491a4\" data-element_type=\"widget\" data-e-type=\"widget\" data-widget_type=\"text-editor.default\">\n\t\t\t\t<div class=\"elementor-widget-container\">\n\t\t\t\t\t\t\t\t\t<h2>Spezielle Hinweise zum Versand ins Ausland:<\/h2><div dir=\"LTR\"><p>Dear international customer,<br \/>For orders from outside of Germany custom fees, taxes and other fees may apply, which are not part of the invoice total and have to be paid by the customer.<br \/>Furthermore please be informed that international shipping may take 5-15 working days to a European destination and 15-30 working days or more to the rest of the world. <br \/>We use economy shipping as registered letter, with very basic tracking information available. Please contact us if your shipment has not arrived in the aforementioned time span, we will supply you with a tracking number and take further steps if necessary.<\/p><p>Bei Lieferungen in das Ausland k\u00f6nnen Z\u00f6lle, Steuern und Geb\u00fchren anfallen, die im angezeigten Gesamtpreis nicht enthalten sind.<\/p><\/div><div dir=\"LTR\"><h2>Versandkosten:<\/h2><div>Deutschland:<\/div><div>&#8211; Speichen und andere Kleinteile: Wahlweise als Briefsendung (Standard = 1,99\u20ac) oder Paket (4,99\u20ac)<\/div><div>&#8211; Naben: Paketsendung = 4,99\u20ac<\/div><div>&#8211; Versandkostenfrei ab 100\u20ac Warenwert.<\/div><div>\u00a0<\/div><div>Rest der Welt:<\/div><div><div>&#8211; Speichen und andere Kleinteile: Einschreiben-Briefsendung (Standard = 7,50\u20ac) <\/div><div>&#8211; Naben: Paketsendung = 14,99\u20ac<\/div><\/div><h2>\u00a0<\/h2><h2>L\u00e4nder, in die versendet wird:<\/h2><p>Weltweit<\/p><\/div>\t\t\t\t\t\t\t\t<\/div>\n\t\t\t\t<\/div>\n\t\t\t\t\t<\/div>\n\t\t<\/div>\n\t\t\t\t\t<\/div>\n\t\t<\/section>\n\t\t\t\t<\/div>","protected":false},"excerpt":{"rendered":"<p>Spezielle Hinweise zum Versand ins Ausland: Dear international customer,For orders from outside of Germany custom fees, taxes and other fees may apply, which are not part of the invoice total and have to be paid by the customer.Furthermore please be informed that international shipping may take 5-15 working days to a European destination and 15-30 [&hellip;]<\/p>\n","protected":false},"author":2,"featured_media":0,"parent":760,"menu_order":0,"comment_status":"closed","ping_status":"closed","template":"","meta":{"footnotes":""},"class_list":["post-795","page","type-page","status-publish","hentry"],"yoast_head":"<!-- This site is optimized with the Yoast SEO plugin v27.3 - https:\/\/yoast.com\/product\/yoast-seo-wordpress\/ -->\n<title>Liefer- und Zahlungsbedingungen - Spokesheaven<\/title>\n<meta name=\"robots\" content=\"index, follow, max-snippet:-1, max-image-preview:large, max-video-preview:-1\" \/>\n<link rel=\"canonical\" href=\"https:\/\/spokesheaven.com\/en\/rechtliches\/liefer-und-zahlungsbedingungen\/\" \/>\n<meta property=\"og:locale\" content=\"en_US\" \/>\n<meta property=\"og:type\" content=\"article\" \/>\n<meta property=\"og:title\" content=\"Liefer- und Zahlungsbedingungen - Spokesheaven\" \/>\n<meta property=\"og:description\" content=\"Spezielle Hinweise zum Versand ins Ausland: Dear international customer,For orders from outside of Germany custom fees, taxes and other fees may apply, which are not part of the invoice total and have to be paid by the customer.Furthermore please be informed that international shipping may take 5-15 working days to a European destination and 15-30 [&hellip;]\" \/>\n<meta property=\"og:url\" content=\"https:\/\/spokesheaven.com\/en\/rechtliches\/liefer-und-zahlungsbedingungen\/\" \/>\n<meta property=\"og:site_name\" content=\"Spokesheaven\" \/>\n<meta property=\"article:modified_time\" content=\"2020-03-20T19:35:57+00:00\" \/>\n<meta name=\"twitter:card\" content=\"summary_large_image\" \/>\n<meta name=\"twitter:label1\" content=\"Est. reading time\" \/>\n\t<meta name=\"twitter:data1\" content=\"1 minute\" \/>\n<script type=\"application\/ld+json\" class=\"yoast-schema-graph\">{\"@context\":\"https:\\\/\\\/schema.org\",\"@graph\":[{\"@type\":\"WebPage\",\"@id\":\"https:\\\/\\\/spokesheaven.com\\\/rechtliches\\\/liefer-und-zahlungsbedingungen\\\/\",\"url\":\"https:\\\/\\\/spokesheaven.com\\\/rechtliches\\\/liefer-und-zahlungsbedingungen\\\/\",\"name\":\"Liefer- und Zahlungsbedingungen - Spokesheaven\",\"isPartOf\":{\"@id\":\"https:\\\/\\\/spokesheaven.com\\\/#website\"},\"datePublished\":\"2020-01-31T22:03:05+00:00\",\"dateModified\":\"2020-03-20T19:35:57+00:00\",\"breadcrumb\":{\"@id\":\"https:\\\/\\\/spokesheaven.com\\\/rechtliches\\\/liefer-und-zahlungsbedingungen\\\/#breadcrumb\"},\"inLanguage\":\"en-US\",\"potentialAction\":[{\"@type\":\"ReadAction\",\"target\":[\"https:\\\/\\\/spokesheaven.com\\\/rechtliches\\\/liefer-und-zahlungsbedingungen\\\/\"]}]},{\"@type\":\"BreadcrumbList\",\"@id\":\"https:\\\/\\\/spokesheaven.com\\\/rechtliches\\\/liefer-und-zahlungsbedingungen\\\/#breadcrumb\",\"itemListElement\":[{\"@type\":\"ListItem\",\"position\":1,\"name\":\"Startseite\",\"item\":\"https:\\\/\\\/spokesheaven.com\\\/\"},{\"@type\":\"ListItem\",\"position\":2,\"name\":\"Rechtliches\",\"item\":\"https:\\\/\\\/spokesheaven.com\\\/rechtliches\\\/\"},{\"@type\":\"ListItem\",\"position\":3,\"name\":\"Liefer- und Zahlungsbedingungen\"}]},{\"@type\":\"WebSite\",\"@id\":\"https:\\\/\\\/spokesheaven.com\\\/#website\",\"url\":\"https:\\\/\\\/spokesheaven.com\\\/\",\"name\":\"Spokesheaven\",\"description\":\"Specialty Aero Spokes and more\",\"potentialAction\":[{\"@type\":\"SearchAction\",\"target\":{\"@type\":\"EntryPoint\",\"urlTemplate\":\"https:\\\/\\\/spokesheaven.com\\\/?s={search_term_string}\"},\"query-input\":{\"@type\":\"PropertyValueSpecification\",\"valueRequired\":true,\"valueName\":\"search_term_string\"}}],\"inLanguage\":\"en-US\"}]}<\/script>\n<!-- \/ Yoast SEO plugin. -->","yoast_head_json":{"title":"Liefer- und Zahlungsbedingungen - Spokesheaven","robots":{"index":"index","follow":"follow","max-snippet":"max-snippet:-1","max-image-preview":"max-image-preview:large","max-video-preview":"max-video-preview:-1"},"canonical":"https:\/\/spokesheaven.com\/en\/rechtliches\/liefer-und-zahlungsbedingungen\/","og_locale":"en_US","og_type":"article","og_title":"Liefer- und Zahlungsbedingungen - Spokesheaven","og_description":"Spezielle Hinweise zum Versand ins Ausland: Dear international customer,For orders from outside of Germany custom fees, taxes and other fees may apply, which are not part of the invoice total and have to be paid by the customer.Furthermore please be informed that international shipping may take 5-15 working days to a European destination and 15-30 [&hellip;]","og_url":"https:\/\/spokesheaven.com\/en\/rechtliches\/liefer-und-zahlungsbedingungen\/","og_site_name":"Spokesheaven","article_modified_time":"2020-03-20T19:35:57+00:00","twitter_card":"summary_large_image","twitter_misc":{"Est. reading time":"1 minute"},"schema":{"@context":"https:\/\/schema.org","@graph":[{"@type":"WebPage","@id":"https:\/\/spokesheaven.com\/rechtliches\/liefer-und-zahlungsbedingungen\/","url":"https:\/\/spokesheaven.com\/rechtliches\/liefer-und-zahlungsbedingungen\/","name":"Liefer- und Zahlungsbedingungen - Spokesheaven","isPartOf":{"@id":"https:\/\/spokesheaven.com\/#website"},"datePublished":"2020-01-31T22:03:05+00:00","dateModified":"2020-03-20T19:35:57+00:00","breadcrumb":{"@id":"https:\/\/spokesheaven.com\/rechtliches\/liefer-und-zahlungsbedingungen\/#breadcrumb"},"inLanguage":"en-US","potentialAction":[{"@type":"ReadAction","target":["https:\/\/spokesheaven.com\/rechtliches\/liefer-und-zahlungsbedingungen\/"]}]},{"@type":"BreadcrumbList","@id":"https:\/\/spokesheaven.com\/rechtliches\/liefer-und-zahlungsbedingungen\/#breadcrumb","itemListElement":[{"@type":"ListItem","position":1,"name":"Startseite","item":"https:\/\/spokesheaven.com\/"},{"@type":"ListItem","position":2,"name":"Rechtliches","item":"https:\/\/spokesheaven.com\/rechtliches\/"},{"@type":"ListItem","position":3,"name":"Liefer- und Zahlungsbedingungen"}]},{"@type":"WebSite","@id":"https:\/\/spokesheaven.com\/#website","url":"https:\/\/spokesheaven.com\/","name":"Spokesheaven","description":"Specialty Aero Spokes and more","potentialAction":[{"@type":"SearchAction","target":{"@type":"EntryPoint","urlTemplate":"https:\/\/spokesheaven.com\/?s={search_term_string}"},"query-input":{"@type":"PropertyValueSpecification","valueRequired":true,"valueName":"search_term_string"}}],"inLanguage":"en-US"}]}},"jetpack_sharing_enabled":true,"_links":{"self":[{"href":"https:\/\/spokesheaven.com\/en\/wp-json\/wp\/v2\/pages\/795","targetHints":{"allow":["GET"]}}],"collection":[{"href":"https:\/\/spokesheaven.com\/en\/wp-json\/wp\/v2\/pages"}],"about":[{"href":"https:\/\/spokesheaven.com\/en\/wp-json\/wp\/v2\/types\/page"}],"author":[{"embeddable":true,"href":"https:\/\/spokesheaven.com\/en\/wp-json\/wp\/v2\/users\/2"}],"replies":[{"embeddable":true,"href":"https:\/\/spokesheaven.com\/en\/wp-json\/wp\/v2\/comments?post=795"}],"version-history":[{"count":8,"href":"https:\/\/spokesheaven.com\/en\/wp-json\/wp\/v2\/pages\/795\/revisions"}],"predecessor-version":[{"id":946,"href":"https:\/\/spokesheaven.com\/en\/wp-json\/wp\/v2\/pages\/795\/revisions\/946"}],"up":[{"embeddable":true,"href":"https:\/\/spokesheaven.com\/en\/wp-json\/wp\/v2\/pages\/760"}],"wp:attachment":[{"href":"https:\/\/spokesheaven.com\/en\/wp-json\/wp\/v2\/media?parent=795"}],"curies":[{"name":"wp","href":"https:\/\/api.w.org\/{rel}","templated":true}]}}