{"id":284,"date":"2020-01-15T22:59:03","date_gmt":"2020-01-15T21:59:03","guid":{"rendered":"http:\/\/spokesheaven.com\/?post_type=product&#038;p=284"},"modified":"2026-01-14T15:19:09","modified_gmt":"2026-01-14T14:19:09","slug":"mac-aero424-schwarz-j-bend-gekroepft","status":"publish","type":"product","link":"https:\/\/spokesheaven.com\/en\/product\/mac-aero424-schwarz-j-bend-gekroepft\/","title":{"rendered":"Mac Aero424 \/ black \/ J-Bend"},"content":{"rendered":"<p class=\"translation-block\">Standard Aero spoke with the same measures as Sapim's CX Ray.<br>\n\nJ-Bend version.<\/p>\n<p class=\"translation-block\">Specs<br>\nDiameters: 2mm x (0.9mm x 2.2mm) x 2mm<br>\nMaterial: Stainless steel<br>\nWeight: appr. 4,5g (272mm)<br>\nVariant: J-Bend<\/p>\n<p>Mit diesen Speichen k\u00f6nnen Sie eine Nabe mit &#8220;normalen&#8221; oder &#8220;keyhole&#8221; Speichenl\u00f6chern, wie Powerway R13 oder CX27 verbauen.<\/p>","protected":false},"excerpt":{"rendered":"<p>Diameters: 2mm x (0.9mm x 2.2mm) x 2mm<\/p>\n<p>Color: Black<\/p>\n<p>Variant: J-Bend<\/p>\n<p>&nbsp;<\/p>","protected":false},"featured_media":317,"comment_status":"open","ping_status":"closed","template":"","meta":[],"product_brand":[],"product_cat":[63,22],"product_tag":[],"class_list":{"0":"post-284","1":"product","2":"type-product","3":"status-publish","4":"has-post-thumbnail","6":"product_cat-aero424","7":"product_cat-speichen","8":"product_shipping_class-speiche","9":"pa_laenge-260mm","10":"pa_laenge-262mm","11":"pa_laenge-264mm","12":"pa_laenge-266mm","13":"pa_laenge-268mm","14":"pa_laenge-270mm","15":"pa_laenge-272mm","16":"pa_laenge-278mm","17":"pa_laenge-280mm","18":"pa_laenge-282mm","19":"pa_laenge-288mm","21":"first","22":"instock","23":"shipping-taxable","24":"purchasable","25":"product-type-variable"},"yoast_head":"<!-- This site is optimized with the Yoast SEO plugin v27.4 - https:\/\/yoast.com\/product\/yoast-seo-wordpress\/ -->\n<title>Mac Aero424 \/ schwarz \/ J-Bend (gekr\u00f6pft) - Spokesheaven<\/title>\n<meta name=\"robots\" content=\"index, follow, max-snippet:-1, max-image-preview:large, max-video-preview:-1\" \/>\n<link rel=\"canonical\" href=\"https:\/\/spokesheaven.com\/en\/product\/mac-aero424-schwarz-j-bend-gekroepft\/\" \/>\n<meta property=\"og:locale\" content=\"en_US\" \/>\n<meta property=\"og:type\" content=\"article\" \/>\n<meta property=\"og:title\" content=\"Mac Aero424 \/ schwarz \/ J-Bend (gekr\u00f6pft) - Spokesheaven\" \/>\n<meta property=\"og:description\" content=\"Durchmesser: 2mm x (0,9mm x 2,2mm) x 2mm  Farbe: Schwarz  Ausf\u00fchrung: Gekr\u00f6pft (J-Bend)  &nbsp;\" \/>\n<meta property=\"og:url\" content=\"https:\/\/spokesheaven.com\/en\/product\/mac-aero424-schwarz-j-bend-gekroepft\/\" \/>\n<meta property=\"og:site_name\" content=\"Spokesheaven\" \/>\n<meta property=\"article:modified_time\" content=\"2026-01-14T14:19:09+00:00\" \/>\n<meta property=\"og:image\" content=\"https:\/\/spokesheaven.com\/wp-content\/uploads\/2020\/01\/Aero424-Bend.jpg\" \/>\n\t<meta property=\"og:image:width\" content=\"945\" \/>\n\t<meta property=\"og:image:height\" content=\"911\" \/>\n\t<meta property=\"og:image:type\" content=\"image\/jpeg\" \/>\n<meta name=\"twitter:card\" content=\"summary_large_image\" \/>\n<meta name=\"twitter:label1\" content=\"Est. reading time\" \/>\n\t<meta name=\"twitter:data1\" content=\"1 minute\" \/>\n<script type=\"application\/ld+json\" class=\"yoast-schema-graph\">{\"@context\":\"https:\\\/\\\/schema.org\",\"@graph\":[{\"@type\":\"WebPage\",\"@id\":\"https:\\\/\\\/spokesheaven.com\\\/produkt\\\/mac-aero424-schwarz-j-bend-gekroepft\\\/\",\"url\":\"https:\\\/\\\/spokesheaven.com\\\/produkt\\\/mac-aero424-schwarz-j-bend-gekroepft\\\/\",\"name\":\"Mac Aero424 \\\/ schwarz \\\/ J-Bend (gekr\u00f6pft) - Spokesheaven\",\"isPartOf\":{\"@id\":\"https:\\\/\\\/spokesheaven.com\\\/#website\"},\"primaryImageOfPage\":{\"@id\":\"https:\\\/\\\/spokesheaven.com\\\/produkt\\\/mac-aero424-schwarz-j-bend-gekroepft\\\/#primaryimage\"},\"image\":{\"@id\":\"https:\\\/\\\/spokesheaven.com\\\/produkt\\\/mac-aero424-schwarz-j-bend-gekroepft\\\/#primaryimage\"},\"thumbnailUrl\":\"https:\\\/\\\/spokesheaven.com\\\/wp-content\\\/uploads\\\/2020\\\/01\\\/Aero424-Bend.jpg\",\"datePublished\":\"2020-01-15T21:59:03+00:00\",\"dateModified\":\"2026-01-14T14:19:09+00:00\",\"breadcrumb\":{\"@id\":\"https:\\\/\\\/spokesheaven.com\\\/produkt\\\/mac-aero424-schwarz-j-bend-gekroepft\\\/#breadcrumb\"},\"inLanguage\":\"en-US\",\"potentialAction\":[{\"@type\":\"ReadAction\",\"target\":[\"https:\\\/\\\/spokesheaven.com\\\/produkt\\\/mac-aero424-schwarz-j-bend-gekroepft\\\/\"]}]},{\"@type\":\"ImageObject\",\"inLanguage\":\"en-US\",\"@id\":\"https:\\\/\\\/spokesheaven.com\\\/produkt\\\/mac-aero424-schwarz-j-bend-gekroepft\\\/#primaryimage\",\"url\":\"https:\\\/\\\/spokesheaven.com\\\/wp-content\\\/uploads\\\/2020\\\/01\\\/Aero424-Bend.jpg\",\"contentUrl\":\"https:\\\/\\\/spokesheaven.com\\\/wp-content\\\/uploads\\\/2020\\\/01\\\/Aero424-Bend.jpg\",\"width\":945,\"height\":911},{\"@type\":\"BreadcrumbList\",\"@id\":\"https:\\\/\\\/spokesheaven.com\\\/produkt\\\/mac-aero424-schwarz-j-bend-gekroepft\\\/#breadcrumb\",\"itemListElement\":[{\"@type\":\"ListItem\",\"position\":1,\"name\":\"Startseite\",\"item\":\"https:\\\/\\\/spokesheaven.com\\\/\"},{\"@type\":\"ListItem\",\"position\":2,\"name\":\"Shop\",\"item\":\"https:\\\/\\\/spokesheaven.com\\\/shop\\\/\"},{\"@type\":\"ListItem\",\"position\":3,\"name\":\"Mac Aero424 \\\/ schwarz \\\/ J-Bend (gekr\u00f6pft)\"}]},{\"@type\":\"WebSite\",\"@id\":\"https:\\\/\\\/spokesheaven.com\\\/#website\",\"url\":\"https:\\\/\\\/spokesheaven.com\\\/\",\"name\":\"Spokesheaven\",\"description\":\"Specialty Aero Spokes and more\",\"potentialAction\":[{\"@type\":\"SearchAction\",\"target\":{\"@type\":\"EntryPoint\",\"urlTemplate\":\"https:\\\/\\\/spokesheaven.com\\\/?s={search_term_string}\"},\"query-input\":{\"@type\":\"PropertyValueSpecification\",\"valueRequired\":true,\"valueName\":\"search_term_string\"}}],\"inLanguage\":\"en-US\"}]}<\/script>\n<!-- \/ Yoast SEO plugin. -->","yoast_head_json":{"title":"Mac Aero424 \/ schwarz \/ J-Bend (gekr\u00f6pft) - Spokesheaven","robots":{"index":"index","follow":"follow","max-snippet":"max-snippet:-1","max-image-preview":"max-image-preview:large","max-video-preview":"max-video-preview:-1"},"canonical":"https:\/\/spokesheaven.com\/en\/product\/mac-aero424-schwarz-j-bend-gekroepft\/","og_locale":"en_US","og_type":"article","og_title":"Mac Aero424 \/ schwarz \/ J-Bend (gekr\u00f6pft) - Spokesheaven","og_description":"Durchmesser: 2mm x (0,9mm x 2,2mm) x 2mm  Farbe: Schwarz  Ausf\u00fchrung: Gekr\u00f6pft (J-Bend)  &nbsp;","og_url":"https:\/\/spokesheaven.com\/en\/product\/mac-aero424-schwarz-j-bend-gekroepft\/","og_site_name":"Spokesheaven","article_modified_time":"2026-01-14T14:19:09+00:00","og_image":[{"width":945,"height":911,"url":"https:\/\/spokesheaven.com\/wp-content\/uploads\/2020\/01\/Aero424-Bend.jpg","type":"image\/jpeg"}],"twitter_card":"summary_large_image","twitter_misc":{"Est. reading time":"1 minute"},"schema":{"@context":"https:\/\/schema.org","@graph":[{"@type":"WebPage","@id":"https:\/\/spokesheaven.com\/produkt\/mac-aero424-schwarz-j-bend-gekroepft\/","url":"https:\/\/spokesheaven.com\/produkt\/mac-aero424-schwarz-j-bend-gekroepft\/","name":"Mac Aero424 \/ schwarz \/ J-Bend (gekr\u00f6pft) - Spokesheaven","isPartOf":{"@id":"https:\/\/spokesheaven.com\/#website"},"primaryImageOfPage":{"@id":"https:\/\/spokesheaven.com\/produkt\/mac-aero424-schwarz-j-bend-gekroepft\/#primaryimage"},"image":{"@id":"https:\/\/spokesheaven.com\/produkt\/mac-aero424-schwarz-j-bend-gekroepft\/#primaryimage"},"thumbnailUrl":"https:\/\/spokesheaven.com\/wp-content\/uploads\/2020\/01\/Aero424-Bend.jpg","datePublished":"2020-01-15T21:59:03+00:00","dateModified":"2026-01-14T14:19:09+00:00","breadcrumb":{"@id":"https:\/\/spokesheaven.com\/produkt\/mac-aero424-schwarz-j-bend-gekroepft\/#breadcrumb"},"inLanguage":"en-US","potentialAction":[{"@type":"ReadAction","target":["https:\/\/spokesheaven.com\/produkt\/mac-aero424-schwarz-j-bend-gekroepft\/"]}]},{"@type":"ImageObject","inLanguage":"en-US","@id":"https:\/\/spokesheaven.com\/produkt\/mac-aero424-schwarz-j-bend-gekroepft\/#primaryimage","url":"https:\/\/spokesheaven.com\/wp-content\/uploads\/2020\/01\/Aero424-Bend.jpg","contentUrl":"https:\/\/spokesheaven.com\/wp-content\/uploads\/2020\/01\/Aero424-Bend.jpg","width":945,"height":911},{"@type":"BreadcrumbList","@id":"https:\/\/spokesheaven.com\/produkt\/mac-aero424-schwarz-j-bend-gekroepft\/#breadcrumb","itemListElement":[{"@type":"ListItem","position":1,"name":"Startseite","item":"https:\/\/spokesheaven.com\/"},{"@type":"ListItem","position":2,"name":"Shop","item":"https:\/\/spokesheaven.com\/shop\/"},{"@type":"ListItem","position":3,"name":"Mac Aero424 \/ schwarz \/ J-Bend (gekr\u00f6pft)"}]},{"@type":"WebSite","@id":"https:\/\/spokesheaven.com\/#website","url":"https:\/\/spokesheaven.com\/","name":"Spokesheaven","description":"Specialty Aero Spokes and more","potentialAction":[{"@type":"SearchAction","target":{"@type":"EntryPoint","urlTemplate":"https:\/\/spokesheaven.com\/?s={search_term_string}"},"query-input":{"@type":"PropertyValueSpecification","valueRequired":true,"valueName":"search_term_string"}}],"inLanguage":"en-US"}]}},"jetpack_sharing_enabled":true,"_links":{"self":[{"href":"https:\/\/spokesheaven.com\/en\/wp-json\/wp\/v2\/product\/284","targetHints":{"allow":["GET"]}}],"collection":[{"href":"https:\/\/spokesheaven.com\/en\/wp-json\/wp\/v2\/product"}],"about":[{"href":"https:\/\/spokesheaven.com\/en\/wp-json\/wp\/v2\/types\/product"}],"replies":[{"embeddable":true,"href":"https:\/\/spokesheaven.com\/en\/wp-json\/wp\/v2\/comments?post=284"}],"wp:featuredmedia":[{"embeddable":true,"href":"https:\/\/spokesheaven.com\/en\/wp-json\/wp\/v2\/media\/317"}],"wp:attachment":[{"href":"https:\/\/spokesheaven.com\/en\/wp-json\/wp\/v2\/media?parent=284"}],"wp:term":[{"taxonomy":"product_brand","embeddable":true,"href":"https:\/\/spokesheaven.com\/en\/wp-json\/wp\/v2\/product_brand?post=284"},{"taxonomy":"product_cat","embeddable":true,"href":"https:\/\/spokesheaven.com\/en\/wp-json\/wp\/v2\/product_cat?post=284"},{"taxonomy":"product_tag","embeddable":true,"href":"https:\/\/spokesheaven.com\/en\/wp-json\/wp\/v2\/product_tag?post=284"}],"curies":[{"name":"wp","href":"https:\/\/api.w.org\/{rel}","templated":true}]}}