{"id":365,"date":"2020-01-15T23:24:38","date_gmt":"2020-01-15T22:24:38","guid":{"rendered":"http:\/\/spokesheaven.com\/?post_type=product&#038;p=365"},"modified":"2026-05-01T09:44:19","modified_gmt":"2026-05-01T07:44:19","slug":"mac-aero418-schwarz-j-bend-gekroepft-kopie","status":"publish","type":"product","link":"https:\/\/spokesheaven.com\/en\/product\/mac-aero418-schwarz-j-bend-gekroepft-kopie\/","title":{"rendered":"Mac Aero424 \/ black \/ STRAIGHT PULL"},"content":{"rendered":"<p class=\"translation-block\">Thicker an stronger than Aero424 - comparable to CX sprint.\nSTRAIGHT PULL version.<\/p>\n<p>Mac Aero418 has a 2.2mm wide aero part (like Aero424) and therefore fits most regular hubs. However, Aero418 is 1.2mm thick and is therefore much stronger than Aero424 (0.9mm thick). This extra strength makes them a great choice for the drive- or disc-side of your wheels. So, if you are using a regular hub, or would like to build a wheel with mixed spokes (e.g. Aero424 or 474), using Aero418 will be a great choice.<\/p>\n<p class=\"translation-block\">Specs<br>\nDiameters: 2mm x (<strong>1,2mm x 2,2mm<\/strong>) x 2mm<br>\nMaterial: Stainless steel<br>\nWeight: appr. 5,5g (272mm)<\/span><\/span><\/span><\/p>\n<p><span style=\"font-family: Arial; font-size: 18px;\"><span style=\"font-family: Arial;\"><span style=\"font-family: Trebuchet MS;\">F\u00fcr diese Speichen k\u00f6nnen Sie eine Nabe mit &#8220;normalen&#8221; oder &#8220;keyhole&#8221; Speichenl\u00f6chern, wie <a class=\"\" title=\"Powerway R13 Superlight Aero Nabe\" href=\"\/en\/app\/module\/webproduct\/goto\/m\/me0871219f2cd93a7\/\">Powerway R13<\/a> verbauen.<\/span><\/span><\/span><\/p>\n<p>&nbsp;<\/p>","protected":false},"excerpt":{"rendered":"<p>Diameters: 2mm x (1.2mm x 2.2mm) x 2mm<\/p>\n<p>Color: Black<\/p>\n<p>Variant: STRAIGHT PULL<\/p>\n<p>&nbsp;<\/p>","protected":false},"featured_media":387,"comment_status":"open","ping_status":"closed","template":"","meta":[],"product_brand":[],"product_cat":[64,22],"product_tag":[],"class_list":{"0":"post-365","1":"product","2":"type-product","3":"status-publish","4":"has-post-thumbnail","6":"product_cat-aero418","7":"product_cat-speichen","8":"product_shipping_class-speiche","9":"pa_laenge-250mm","10":"pa_laenge-252mm","11":"pa_laenge-254mm","12":"pa_laenge-256mm","13":"pa_laenge-258mm","14":"pa_laenge-260mm","15":"pa_laenge-262mm","16":"pa_laenge-264mm","17":"pa_laenge-266mm","18":"pa_laenge-268mm","19":"pa_laenge-270mm","20":"pa_laenge-272mm","21":"pa_laenge-274mm","22":"pa_laenge-276mm","23":"pa_laenge-278mm","24":"pa_laenge-280mm","25":"pa_laenge-282mm","26":"pa_laenge-284mm","27":"pa_laenge-286mm","28":"pa_laenge-288mm","29":"pa_laenge-290mm","30":"pa_laenge-292mm","31":"pa_laenge-294mm","32":"pa_laenge-296mm","33":"pa_laenge-298mm","34":"pa_laenge-300mm","36":"first","37":"outofstock","38":"shipping-taxable","39":"purchasable","40":"product-type-variable"},"yoast_head":"<!-- This site is optimized with the Yoast SEO plugin v27.4 - https:\/\/yoast.com\/product\/yoast-seo-wordpress\/ -->\n<title>Mac Aero418 \/ schwarz \/ STRAIGHT PULL - Spokesheaven<\/title>\n<meta name=\"robots\" content=\"index, follow, max-snippet:-1, max-image-preview:large, max-video-preview:-1\" \/>\n<link rel=\"canonical\" href=\"https:\/\/spokesheaven.com\/en\/?product=mac-aero418-schwarz-j-bend-gekroepft-kopie\" \/>\n<meta property=\"og:locale\" content=\"en_US\" \/>\n<meta property=\"og:type\" content=\"article\" \/>\n<meta property=\"og:title\" content=\"Mac Aero418 \/ schwarz \/ STRAIGHT PULL - Spokesheaven\" \/>\n<meta property=\"og:description\" content=\"Durchmesser: 2mm x (1,2mm x 2,2mm) x 2mm  Farbe: Schwarz  Ausf\u00fchrung: STRAIGHT PULL  &nbsp;\" \/>\n<meta property=\"og:url\" content=\"https:\/\/spokesheaven.com\/en\/?product=mac-aero418-schwarz-j-bend-gekroepft-kopie\" \/>\n<meta property=\"og:site_name\" content=\"Spokesheaven\" \/>\n<meta property=\"article:modified_time\" content=\"2026-05-01T07:44:19+00:00\" \/>\n<meta property=\"og:image\" content=\"https:\/\/spokesheaven.com\/wp-content\/uploads\/2020\/01\/418-SP-e1579127218341.jpg\" \/>\n\t<meta property=\"og:image:width\" content=\"1283\" \/>\n\t<meta property=\"og:image:height\" content=\"1619\" \/>\n\t<meta property=\"og:image:type\" content=\"image\/jpeg\" \/>\n<meta name=\"twitter:card\" content=\"summary_large_image\" \/>\n<meta name=\"twitter:label1\" content=\"Est. reading time\" \/>\n\t<meta name=\"twitter:data1\" content=\"1 minute\" \/>\n<script type=\"application\/ld+json\" class=\"yoast-schema-graph\">{\"@context\":\"https:\\\/\\\/schema.org\",\"@graph\":[{\"@type\":\"WebPage\",\"@id\":\"https:\\\/\\\/spokesheaven.com\\\/?product=mac-aero418-schwarz-j-bend-gekroepft-kopie\",\"url\":\"https:\\\/\\\/spokesheaven.com\\\/?product=mac-aero418-schwarz-j-bend-gekroepft-kopie\",\"name\":\"Mac Aero418 \\\/ schwarz \\\/ STRAIGHT PULL - Spokesheaven\",\"isPartOf\":{\"@id\":\"https:\\\/\\\/spokesheaven.com\\\/#website\"},\"primaryImageOfPage\":{\"@id\":\"https:\\\/\\\/spokesheaven.com\\\/?product=mac-aero418-schwarz-j-bend-gekroepft-kopie#primaryimage\"},\"image\":{\"@id\":\"https:\\\/\\\/spokesheaven.com\\\/?product=mac-aero418-schwarz-j-bend-gekroepft-kopie#primaryimage\"},\"thumbnailUrl\":\"https:\\\/\\\/spokesheaven.com\\\/wp-content\\\/uploads\\\/2020\\\/01\\\/418-SP-e1579127218341.jpg\",\"datePublished\":\"2020-01-15T22:24:38+00:00\",\"dateModified\":\"2026-05-01T07:44:19+00:00\",\"breadcrumb\":{\"@id\":\"https:\\\/\\\/spokesheaven.com\\\/?product=mac-aero418-schwarz-j-bend-gekroepft-kopie#breadcrumb\"},\"inLanguage\":\"en-US\",\"potentialAction\":[{\"@type\":\"ReadAction\",\"target\":[\"https:\\\/\\\/spokesheaven.com\\\/?product=mac-aero418-schwarz-j-bend-gekroepft-kopie\"]}]},{\"@type\":\"ImageObject\",\"inLanguage\":\"en-US\",\"@id\":\"https:\\\/\\\/spokesheaven.com\\\/?product=mac-aero418-schwarz-j-bend-gekroepft-kopie#primaryimage\",\"url\":\"https:\\\/\\\/spokesheaven.com\\\/wp-content\\\/uploads\\\/2020\\\/01\\\/418-SP-e1579127218341.jpg\",\"contentUrl\":\"https:\\\/\\\/spokesheaven.com\\\/wp-content\\\/uploads\\\/2020\\\/01\\\/418-SP-e1579127218341.jpg\",\"width\":1283,\"height\":1619},{\"@type\":\"BreadcrumbList\",\"@id\":\"https:\\\/\\\/spokesheaven.com\\\/?product=mac-aero418-schwarz-j-bend-gekroepft-kopie#breadcrumb\",\"itemListElement\":[{\"@type\":\"ListItem\",\"position\":1,\"name\":\"Startseite\",\"item\":\"https:\\\/\\\/spokesheaven.com\\\/\"},{\"@type\":\"ListItem\",\"position\":2,\"name\":\"Shop\",\"item\":\"https:\\\/\\\/spokesheaven.com\\\/shop\\\/\"},{\"@type\":\"ListItem\",\"position\":3,\"name\":\"Mac Aero418 \\\/ schwarz \\\/ STRAIGHT PULL\"}]},{\"@type\":\"WebSite\",\"@id\":\"https:\\\/\\\/spokesheaven.com\\\/#website\",\"url\":\"https:\\\/\\\/spokesheaven.com\\\/\",\"name\":\"Spokesheaven\",\"description\":\"Specialty Aero Spokes and more\",\"potentialAction\":[{\"@type\":\"SearchAction\",\"target\":{\"@type\":\"EntryPoint\",\"urlTemplate\":\"https:\\\/\\\/spokesheaven.com\\\/?s={search_term_string}\"},\"query-input\":{\"@type\":\"PropertyValueSpecification\",\"valueRequired\":true,\"valueName\":\"search_term_string\"}}],\"inLanguage\":\"en-US\"}]}<\/script>\n<!-- \/ Yoast SEO plugin. -->","yoast_head_json":{"title":"Mac Aero418 \/ schwarz \/ STRAIGHT PULL - Spokesheaven","robots":{"index":"index","follow":"follow","max-snippet":"max-snippet:-1","max-image-preview":"max-image-preview:large","max-video-preview":"max-video-preview:-1"},"canonical":"https:\/\/spokesheaven.com\/en\/?product=mac-aero418-schwarz-j-bend-gekroepft-kopie","og_locale":"en_US","og_type":"article","og_title":"Mac Aero418 \/ schwarz \/ STRAIGHT PULL - Spokesheaven","og_description":"Durchmesser: 2mm x (1,2mm x 2,2mm) x 2mm  Farbe: Schwarz  Ausf\u00fchrung: STRAIGHT PULL  &nbsp;","og_url":"https:\/\/spokesheaven.com\/en\/?product=mac-aero418-schwarz-j-bend-gekroepft-kopie","og_site_name":"Spokesheaven","article_modified_time":"2026-05-01T07:44:19+00:00","og_image":[{"width":1283,"height":1619,"url":"https:\/\/spokesheaven.com\/wp-content\/uploads\/2020\/01\/418-SP-e1579127218341.jpg","type":"image\/jpeg"}],"twitter_card":"summary_large_image","twitter_misc":{"Est. reading time":"1 minute"},"schema":{"@context":"https:\/\/schema.org","@graph":[{"@type":"WebPage","@id":"https:\/\/spokesheaven.com\/?product=mac-aero418-schwarz-j-bend-gekroepft-kopie","url":"https:\/\/spokesheaven.com\/?product=mac-aero418-schwarz-j-bend-gekroepft-kopie","name":"Mac Aero418 \/ schwarz \/ STRAIGHT PULL - Spokesheaven","isPartOf":{"@id":"https:\/\/spokesheaven.com\/#website"},"primaryImageOfPage":{"@id":"https:\/\/spokesheaven.com\/?product=mac-aero418-schwarz-j-bend-gekroepft-kopie#primaryimage"},"image":{"@id":"https:\/\/spokesheaven.com\/?product=mac-aero418-schwarz-j-bend-gekroepft-kopie#primaryimage"},"thumbnailUrl":"https:\/\/spokesheaven.com\/wp-content\/uploads\/2020\/01\/418-SP-e1579127218341.jpg","datePublished":"2020-01-15T22:24:38+00:00","dateModified":"2026-05-01T07:44:19+00:00","breadcrumb":{"@id":"https:\/\/spokesheaven.com\/?product=mac-aero418-schwarz-j-bend-gekroepft-kopie#breadcrumb"},"inLanguage":"en-US","potentialAction":[{"@type":"ReadAction","target":["https:\/\/spokesheaven.com\/?product=mac-aero418-schwarz-j-bend-gekroepft-kopie"]}]},{"@type":"ImageObject","inLanguage":"en-US","@id":"https:\/\/spokesheaven.com\/?product=mac-aero418-schwarz-j-bend-gekroepft-kopie#primaryimage","url":"https:\/\/spokesheaven.com\/wp-content\/uploads\/2020\/01\/418-SP-e1579127218341.jpg","contentUrl":"https:\/\/spokesheaven.com\/wp-content\/uploads\/2020\/01\/418-SP-e1579127218341.jpg","width":1283,"height":1619},{"@type":"BreadcrumbList","@id":"https:\/\/spokesheaven.com\/?product=mac-aero418-schwarz-j-bend-gekroepft-kopie#breadcrumb","itemListElement":[{"@type":"ListItem","position":1,"name":"Startseite","item":"https:\/\/spokesheaven.com\/"},{"@type":"ListItem","position":2,"name":"Shop","item":"https:\/\/spokesheaven.com\/shop\/"},{"@type":"ListItem","position":3,"name":"Mac Aero418 \/ schwarz \/ STRAIGHT PULL"}]},{"@type":"WebSite","@id":"https:\/\/spokesheaven.com\/#website","url":"https:\/\/spokesheaven.com\/","name":"Spokesheaven","description":"Specialty Aero Spokes and more","potentialAction":[{"@type":"SearchAction","target":{"@type":"EntryPoint","urlTemplate":"https:\/\/spokesheaven.com\/?s={search_term_string}"},"query-input":{"@type":"PropertyValueSpecification","valueRequired":true,"valueName":"search_term_string"}}],"inLanguage":"en-US"}]}},"jetpack_sharing_enabled":true,"_links":{"self":[{"href":"https:\/\/spokesheaven.com\/en\/wp-json\/wp\/v2\/product\/365","targetHints":{"allow":["GET"]}}],"collection":[{"href":"https:\/\/spokesheaven.com\/en\/wp-json\/wp\/v2\/product"}],"about":[{"href":"https:\/\/spokesheaven.com\/en\/wp-json\/wp\/v2\/types\/product"}],"replies":[{"embeddable":true,"href":"https:\/\/spokesheaven.com\/en\/wp-json\/wp\/v2\/comments?post=365"}],"wp:featuredmedia":[{"embeddable":true,"href":"https:\/\/spokesheaven.com\/en\/wp-json\/wp\/v2\/media\/387"}],"wp:attachment":[{"href":"https:\/\/spokesheaven.com\/en\/wp-json\/wp\/v2\/media?parent=365"}],"wp:term":[{"taxonomy":"product_brand","embeddable":true,"href":"https:\/\/spokesheaven.com\/en\/wp-json\/wp\/v2\/product_brand?post=365"},{"taxonomy":"product_cat","embeddable":true,"href":"https:\/\/spokesheaven.com\/en\/wp-json\/wp\/v2\/product_cat?post=365"},{"taxonomy":"product_tag","embeddable":true,"href":"https:\/\/spokesheaven.com\/en\/wp-json\/wp\/v2\/product_tag?post=365"}],"curies":[{"name":"wp","href":"https:\/\/api.w.org\/{rel}","templated":true}]}}