{"id":533,"date":"2020-01-17T18:19:54","date_gmt":"2020-01-17T17:19:54","guid":{"rendered":"http:\/\/spokesheaven.com\/?post_type=product&#038;p=533"},"modified":"2024-06-25T16:32:01","modified_gmt":"2024-06-25T14:32:01","slug":"kugellager","status":"publish","type":"product","link":"https:\/\/spokesheaven.com\/en\/product\/kugellager\/","title":{"rendered":"Replacement bearings for Powerway hubs"},"content":{"rendered":"<p>Replacement bearings for Powerway hubs<\/p>\n<p>Bearings per hub model:<\/p>\n<p>R13:<br \/>\nFront: 2 x 699<br \/>\nRear: 3 x 6802  + 1 x 6902<\/p>\n<p>R39:<br \/>\nFront: 4 x 688<br \/>\nRear: 4 x 6802 + 1 x 6902<\/p>\n<p>CX27:<\/p>\n<p>CX32:<\/p>\n<p>CT11:<\/p>\n<p>R36:<br \/>\nFront: 2 x 699<br \/>\nRear: 4 x 6802<\/p>","protected":false},"excerpt":{"rendered":"<p>Ersatz Kugellager f\u00fcr Powerway Naben. Ben\u00f6tigte Kugellager: R13: Vorne: 2 x 699 Hinten: 3 x 6802\u00a0 + 1 x 6902 R39: Vorne: 4 x 688 Hinten: 4 x 6802 + 1 x 6902 CX27: CX32: CT11: R36: Vorne: 2 x 699 Hinten: 4 x 6802<\/p>","protected":false},"featured_media":540,"comment_status":"open","ping_status":"closed","template":"","meta":[],"product_brand":[],"product_cat":[23,26],"product_tag":[],"class_list":{"0":"post-533","1":"product","2":"type-product","3":"status-publish","4":"has-post-thumbnail","6":"product_cat-naben","7":"product_cat-hub-spares","8":"product_shipping_class-speiche","10":"first","11":"instock","12":"shipping-taxable","13":"purchasable","14":"product-type-variable"},"yoast_head":"<!-- This site is optimized with the Yoast SEO plugin v27.5 - https:\/\/yoast.com\/product\/yoast-seo-wordpress\/ -->\n<title>Ersatz Kugellager f\u00fcr Powerway Naben - Spokesheaven<\/title>\n<meta name=\"robots\" content=\"index, follow, max-snippet:-1, max-image-preview:large, max-video-preview:-1\" \/>\n<link rel=\"canonical\" href=\"https:\/\/spokesheaven.com\/en\/?product=kugellager\" \/>\n<meta property=\"og:locale\" content=\"en_US\" \/>\n<meta property=\"og:type\" content=\"article\" \/>\n<meta property=\"og:title\" content=\"Ersatz Kugellager f\u00fcr Powerway Naben - Spokesheaven\" \/>\n<meta property=\"og:description\" content=\"Ersatz Kugellager f\u00fcr Powerway Naben. Ben\u00f6tigte Kugellager: R13: Vorne: 2 x 699 Hinten: 3 x 6802\u00a0 + 1 x 6902 R39: Vorne: 4 x 688 Hinten: 4 x 6802 + 1 x 6902 CX27: CX32: CT11: R36: Vorne: 2 x 699 Hinten: 4 x 6802\" \/>\n<meta property=\"og:url\" content=\"https:\/\/spokesheaven.com\/en\/?product=kugellager\" \/>\n<meta property=\"og:site_name\" content=\"Spokesheaven\" \/>\n<meta property=\"article:modified_time\" content=\"2024-06-25T14:32:01+00:00\" \/>\n<meta property=\"og:image\" content=\"https:\/\/spokesheaven.com\/wp-content\/uploads\/2020\/01\/Kugellager-1024x903.png\" \/>\n\t<meta property=\"og:image:width\" content=\"1024\" \/>\n\t<meta property=\"og:image:height\" content=\"903\" \/>\n\t<meta property=\"og:image:type\" content=\"image\/png\" \/>\n<meta name=\"twitter:card\" content=\"summary_large_image\" \/>\n<script type=\"application\/ld+json\" class=\"yoast-schema-graph\">{\"@context\":\"https:\\\/\\\/schema.org\",\"@graph\":[{\"@type\":\"WebPage\",\"@id\":\"https:\\\/\\\/spokesheaven.com\\\/?product=kugellager\",\"url\":\"https:\\\/\\\/spokesheaven.com\\\/?product=kugellager\",\"name\":\"Ersatz Kugellager f\u00fcr Powerway Naben - Spokesheaven\",\"isPartOf\":{\"@id\":\"https:\\\/\\\/spokesheaven.com\\\/#website\"},\"primaryImageOfPage\":{\"@id\":\"https:\\\/\\\/spokesheaven.com\\\/?product=kugellager#primaryimage\"},\"image\":{\"@id\":\"https:\\\/\\\/spokesheaven.com\\\/?product=kugellager#primaryimage\"},\"thumbnailUrl\":\"https:\\\/\\\/spokesheaven.com\\\/wp-content\\\/uploads\\\/2020\\\/01\\\/Kugellager.png\",\"datePublished\":\"2020-01-17T17:19:54+00:00\",\"dateModified\":\"2024-06-25T14:32:01+00:00\",\"breadcrumb\":{\"@id\":\"https:\\\/\\\/spokesheaven.com\\\/?product=kugellager#breadcrumb\"},\"inLanguage\":\"en-US\",\"potentialAction\":[{\"@type\":\"ReadAction\",\"target\":[\"https:\\\/\\\/spokesheaven.com\\\/?product=kugellager\"]}]},{\"@type\":\"ImageObject\",\"inLanguage\":\"en-US\",\"@id\":\"https:\\\/\\\/spokesheaven.com\\\/?product=kugellager#primaryimage\",\"url\":\"https:\\\/\\\/spokesheaven.com\\\/wp-content\\\/uploads\\\/2020\\\/01\\\/Kugellager.png\",\"contentUrl\":\"https:\\\/\\\/spokesheaven.com\\\/wp-content\\\/uploads\\\/2020\\\/01\\\/Kugellager.png\",\"width\":1453,\"height\":1281},{\"@type\":\"BreadcrumbList\",\"@id\":\"https:\\\/\\\/spokesheaven.com\\\/?product=kugellager#breadcrumb\",\"itemListElement\":[{\"@type\":\"ListItem\",\"position\":1,\"name\":\"Startseite\",\"item\":\"https:\\\/\\\/spokesheaven.com\\\/\"},{\"@type\":\"ListItem\",\"position\":2,\"name\":\"Shop\",\"item\":\"https:\\\/\\\/spokesheaven.com\\\/shop\\\/\"},{\"@type\":\"ListItem\",\"position\":3,\"name\":\"Ersatz Kugellager f\u00fcr Powerway Naben\"}]},{\"@type\":\"WebSite\",\"@id\":\"https:\\\/\\\/spokesheaven.com\\\/#website\",\"url\":\"https:\\\/\\\/spokesheaven.com\\\/\",\"name\":\"Spokesheaven\",\"description\":\"Specialty Aero Spokes and more\",\"potentialAction\":[{\"@type\":\"SearchAction\",\"target\":{\"@type\":\"EntryPoint\",\"urlTemplate\":\"https:\\\/\\\/spokesheaven.com\\\/?s={search_term_string}\"},\"query-input\":{\"@type\":\"PropertyValueSpecification\",\"valueRequired\":true,\"valueName\":\"search_term_string\"}}],\"inLanguage\":\"en-US\"}]}<\/script>\n<!-- \/ Yoast SEO plugin. -->","yoast_head_json":{"title":"Ersatz Kugellager f\u00fcr Powerway Naben - Spokesheaven","robots":{"index":"index","follow":"follow","max-snippet":"max-snippet:-1","max-image-preview":"max-image-preview:large","max-video-preview":"max-video-preview:-1"},"canonical":"https:\/\/spokesheaven.com\/en\/?product=kugellager","og_locale":"en_US","og_type":"article","og_title":"Ersatz Kugellager f\u00fcr Powerway Naben - Spokesheaven","og_description":"Ersatz Kugellager f\u00fcr Powerway Naben. Ben\u00f6tigte Kugellager: R13: Vorne: 2 x 699 Hinten: 3 x 6802\u00a0 + 1 x 6902 R39: Vorne: 4 x 688 Hinten: 4 x 6802 + 1 x 6902 CX27: CX32: CT11: R36: Vorne: 2 x 699 Hinten: 4 x 6802","og_url":"https:\/\/spokesheaven.com\/en\/?product=kugellager","og_site_name":"Spokesheaven","article_modified_time":"2024-06-25T14:32:01+00:00","og_image":[{"width":1024,"height":903,"url":"https:\/\/spokesheaven.com\/wp-content\/uploads\/2020\/01\/Kugellager-1024x903.png","type":"image\/png"}],"twitter_card":"summary_large_image","schema":{"@context":"https:\/\/schema.org","@graph":[{"@type":"WebPage","@id":"https:\/\/spokesheaven.com\/?product=kugellager","url":"https:\/\/spokesheaven.com\/?product=kugellager","name":"Ersatz Kugellager f\u00fcr Powerway Naben - Spokesheaven","isPartOf":{"@id":"https:\/\/spokesheaven.com\/#website"},"primaryImageOfPage":{"@id":"https:\/\/spokesheaven.com\/?product=kugellager#primaryimage"},"image":{"@id":"https:\/\/spokesheaven.com\/?product=kugellager#primaryimage"},"thumbnailUrl":"https:\/\/spokesheaven.com\/wp-content\/uploads\/2020\/01\/Kugellager.png","datePublished":"2020-01-17T17:19:54+00:00","dateModified":"2024-06-25T14:32:01+00:00","breadcrumb":{"@id":"https:\/\/spokesheaven.com\/?product=kugellager#breadcrumb"},"inLanguage":"en-US","potentialAction":[{"@type":"ReadAction","target":["https:\/\/spokesheaven.com\/?product=kugellager"]}]},{"@type":"ImageObject","inLanguage":"en-US","@id":"https:\/\/spokesheaven.com\/?product=kugellager#primaryimage","url":"https:\/\/spokesheaven.com\/wp-content\/uploads\/2020\/01\/Kugellager.png","contentUrl":"https:\/\/spokesheaven.com\/wp-content\/uploads\/2020\/01\/Kugellager.png","width":1453,"height":1281},{"@type":"BreadcrumbList","@id":"https:\/\/spokesheaven.com\/?product=kugellager#breadcrumb","itemListElement":[{"@type":"ListItem","position":1,"name":"Startseite","item":"https:\/\/spokesheaven.com\/"},{"@type":"ListItem","position":2,"name":"Shop","item":"https:\/\/spokesheaven.com\/shop\/"},{"@type":"ListItem","position":3,"name":"Ersatz Kugellager f\u00fcr Powerway Naben"}]},{"@type":"WebSite","@id":"https:\/\/spokesheaven.com\/#website","url":"https:\/\/spokesheaven.com\/","name":"Spokesheaven","description":"Specialty Aero Spokes and more","potentialAction":[{"@type":"SearchAction","target":{"@type":"EntryPoint","urlTemplate":"https:\/\/spokesheaven.com\/?s={search_term_string}"},"query-input":{"@type":"PropertyValueSpecification","valueRequired":true,"valueName":"search_term_string"}}],"inLanguage":"en-US"}]}},"jetpack_sharing_enabled":true,"_links":{"self":[{"href":"https:\/\/spokesheaven.com\/en\/wp-json\/wp\/v2\/product\/533","targetHints":{"allow":["GET"]}}],"collection":[{"href":"https:\/\/spokesheaven.com\/en\/wp-json\/wp\/v2\/product"}],"about":[{"href":"https:\/\/spokesheaven.com\/en\/wp-json\/wp\/v2\/types\/product"}],"replies":[{"embeddable":true,"href":"https:\/\/spokesheaven.com\/en\/wp-json\/wp\/v2\/comments?post=533"}],"wp:featuredmedia":[{"embeddable":true,"href":"https:\/\/spokesheaven.com\/en\/wp-json\/wp\/v2\/media\/540"}],"wp:attachment":[{"href":"https:\/\/spokesheaven.com\/en\/wp-json\/wp\/v2\/media?parent=533"}],"wp:term":[{"taxonomy":"product_brand","embeddable":true,"href":"https:\/\/spokesheaven.com\/en\/wp-json\/wp\/v2\/product_brand?post=533"},{"taxonomy":"product_cat","embeddable":true,"href":"https:\/\/spokesheaven.com\/en\/wp-json\/wp\/v2\/product_cat?post=533"},{"taxonomy":"product_tag","embeddable":true,"href":"https:\/\/spokesheaven.com\/en\/wp-json\/wp\/v2\/product_tag?post=533"}],"curies":[{"name":"wp","href":"https:\/\/api.w.org\/{rel}","templated":true}]}}