{"id":603,"date":"2020-01-17T21:50:56","date_gmt":"2020-01-17T20:50:56","guid":{"rendered":"http:\/\/spokesheaven.com\/?post_type=product&#038;p=603"},"modified":"2024-08-12T13:55:49","modified_gmt":"2024-08-12T11:55:49","slug":"speichennippel-14mm-aluminium","status":"publish","type":"product","link":"https:\/\/spokesheaven.com\/en\/product\/speichennippel-14mm-aluminium\/","title":{"rendered":"Speichennippel, 14mm, Aluminium, (25Stk.)"},"content":{"rendered":"<p>Diverse Farben &#8211; 25Stk.<\/p>\n<p>CNSpoke 14mm Alu Nipples, 2mm thread<br \/>\nWeight: ~0.35g\/pc<\/p>\n<p>Colors:<\/p>\n<p>- Black<br \/>\n- Red<br \/>\n- BLue<br \/>\n- Silver<br \/>\n- Green<br \/>\n&#8211; Gold<br \/>\n&#8211; Orange<br \/>\n&#8211; NEU &#8211; Violett<\/p>\n<p>We recommend (for carbon rims or rims without eyelets): Nipple washers<\/p>","protected":false},"excerpt":{"rendered":"<p>Diverse Farben &#8211; 25Stk. CNSpoke 14mm Alu Nippel, 2mm Gewinde Gewicht: ca. 0,35g\/Stk. Farben: &#8211; Schwarz &#8211; Rot &#8211; Blau &#8211; Silber &#8211; Gr\u00fcn &#8211; Gold &#8211; Orange &#8211; NEU &#8211; Violett Dazu empfohlen (f\u00fcr Carbonfelgen oder Felgen ohne \u00d6sen): Sapim Nippelunterlegscheiben, konisch<\/p>","protected":false},"featured_media":612,"comment_status":"open","ping_status":"closed","template":"","meta":[],"product_brand":[],"product_cat":[24,92],"product_tag":[],"class_list":{"0":"post-603","1":"product","2":"type-product","3":"status-publish","4":"has-post-thumbnail","6":"product_cat-nippel","7":"product_cat-nippel-nippel","8":"product_shipping_class-speiche","9":"pa_farbe-blau","10":"pa_farbe-gold","11":"pa_farbe-gruen","12":"pa_farbe-orange","13":"pa_farbe-rot","14":"pa_farbe-schwarz","15":"pa_farbe-silber","16":"pa_farbe-violett","18":"first","19":"outofstock","20":"shipping-taxable","21":"purchasable","22":"product-type-variable"},"yoast_head":"<!-- This site is optimized with the Yoast SEO plugin v27.5 - https:\/\/yoast.com\/product\/yoast-seo-wordpress\/ -->\n<title>Speichennippel, 14mm, Aluminium, (25Stk.) - Spokesheaven<\/title>\n<meta name=\"robots\" content=\"index, follow, max-snippet:-1, max-image-preview:large, max-video-preview:-1\" \/>\n<link rel=\"canonical\" href=\"https:\/\/spokesheaven.com\/en\/?product=speichennippel-14mm-aluminium\" \/>\n<meta property=\"og:locale\" content=\"en_US\" \/>\n<meta property=\"og:type\" content=\"article\" \/>\n<meta property=\"og:title\" content=\"Speichennippel, 14mm, Aluminium, (25Stk.) - Spokesheaven\" \/>\n<meta property=\"og:description\" content=\"Diverse Farben &#8211; 25Stk. CNSpoke 14mm Alu Nippel, 2mm Gewinde Gewicht: ca. 0,35g\/Stk. Farben: &#8211; Schwarz &#8211; Rot &#8211; Blau &#8211; Silber &#8211; Gr\u00fcn &#8211; Gold &#8211; Orange &#8211; NEU &#8211; Violett Dazu empfohlen (f\u00fcr Carbonfelgen oder Felgen ohne \u00d6sen): Sapim Nippelunterlegscheiben, konisch\" \/>\n<meta property=\"og:url\" content=\"https:\/\/spokesheaven.com\/en\/?product=speichennippel-14mm-aluminium\" \/>\n<meta property=\"og:site_name\" content=\"Spokesheaven\" \/>\n<meta property=\"article:modified_time\" content=\"2024-08-12T11:55:49+00:00\" \/>\n<meta property=\"og:image\" content=\"https:\/\/spokesheaven.com\/wp-content\/uploads\/2020\/01\/Galerie-992x1024.png\" \/>\n\t<meta property=\"og:image:width\" content=\"992\" \/>\n\t<meta property=\"og:image:height\" content=\"1024\" \/>\n\t<meta property=\"og:image:type\" content=\"image\/png\" \/>\n<meta name=\"twitter:card\" content=\"summary_large_image\" \/>\n<script type=\"application\/ld+json\" class=\"yoast-schema-graph\">{\"@context\":\"https:\\\/\\\/schema.org\",\"@graph\":[{\"@type\":\"WebPage\",\"@id\":\"https:\\\/\\\/spokesheaven.com\\\/?product=speichennippel-14mm-aluminium\",\"url\":\"https:\\\/\\\/spokesheaven.com\\\/?product=speichennippel-14mm-aluminium\",\"name\":\"Speichennippel, 14mm, Aluminium, (25Stk.) - Spokesheaven\",\"isPartOf\":{\"@id\":\"https:\\\/\\\/spokesheaven.com\\\/#website\"},\"primaryImageOfPage\":{\"@id\":\"https:\\\/\\\/spokesheaven.com\\\/?product=speichennippel-14mm-aluminium#primaryimage\"},\"image\":{\"@id\":\"https:\\\/\\\/spokesheaven.com\\\/?product=speichennippel-14mm-aluminium#primaryimage\"},\"thumbnailUrl\":\"https:\\\/\\\/spokesheaven.com\\\/wp-content\\\/uploads\\\/2020\\\/01\\\/Galerie.png\",\"datePublished\":\"2020-01-17T20:50:56+00:00\",\"dateModified\":\"2024-08-12T11:55:49+00:00\",\"breadcrumb\":{\"@id\":\"https:\\\/\\\/spokesheaven.com\\\/?product=speichennippel-14mm-aluminium#breadcrumb\"},\"inLanguage\":\"en-US\",\"potentialAction\":[{\"@type\":\"ReadAction\",\"target\":[\"https:\\\/\\\/spokesheaven.com\\\/?product=speichennippel-14mm-aluminium\"]}]},{\"@type\":\"ImageObject\",\"inLanguage\":\"en-US\",\"@id\":\"https:\\\/\\\/spokesheaven.com\\\/?product=speichennippel-14mm-aluminium#primaryimage\",\"url\":\"https:\\\/\\\/spokesheaven.com\\\/wp-content\\\/uploads\\\/2020\\\/01\\\/Galerie.png\",\"contentUrl\":\"https:\\\/\\\/spokesheaven.com\\\/wp-content\\\/uploads\\\/2020\\\/01\\\/Galerie.png\",\"width\":1255,\"height\":1296},{\"@type\":\"BreadcrumbList\",\"@id\":\"https:\\\/\\\/spokesheaven.com\\\/?product=speichennippel-14mm-aluminium#breadcrumb\",\"itemListElement\":[{\"@type\":\"ListItem\",\"position\":1,\"name\":\"Startseite\",\"item\":\"https:\\\/\\\/spokesheaven.com\\\/\"},{\"@type\":\"ListItem\",\"position\":2,\"name\":\"Shop\",\"item\":\"https:\\\/\\\/spokesheaven.com\\\/shop\\\/\"},{\"@type\":\"ListItem\",\"position\":3,\"name\":\"Speichennippel, 14mm, Aluminium, (25Stk.)\"}]},{\"@type\":\"WebSite\",\"@id\":\"https:\\\/\\\/spokesheaven.com\\\/#website\",\"url\":\"https:\\\/\\\/spokesheaven.com\\\/\",\"name\":\"Spokesheaven\",\"description\":\"Specialty Aero Spokes and more\",\"potentialAction\":[{\"@type\":\"SearchAction\",\"target\":{\"@type\":\"EntryPoint\",\"urlTemplate\":\"https:\\\/\\\/spokesheaven.com\\\/?s={search_term_string}\"},\"query-input\":{\"@type\":\"PropertyValueSpecification\",\"valueRequired\":true,\"valueName\":\"search_term_string\"}}],\"inLanguage\":\"en-US\"}]}<\/script>\n<!-- \/ Yoast SEO plugin. -->","yoast_head_json":{"title":"Speichennippel, 14mm, Aluminium, (25Stk.) - Spokesheaven","robots":{"index":"index","follow":"follow","max-snippet":"max-snippet:-1","max-image-preview":"max-image-preview:large","max-video-preview":"max-video-preview:-1"},"canonical":"https:\/\/spokesheaven.com\/en\/?product=speichennippel-14mm-aluminium","og_locale":"en_US","og_type":"article","og_title":"Speichennippel, 14mm, Aluminium, (25Stk.) - Spokesheaven","og_description":"Diverse Farben &#8211; 25Stk. CNSpoke 14mm Alu Nippel, 2mm Gewinde Gewicht: ca. 0,35g\/Stk. Farben: &#8211; Schwarz &#8211; Rot &#8211; Blau &#8211; Silber &#8211; Gr\u00fcn &#8211; Gold &#8211; Orange &#8211; NEU &#8211; Violett Dazu empfohlen (f\u00fcr Carbonfelgen oder Felgen ohne \u00d6sen): Sapim Nippelunterlegscheiben, konisch","og_url":"https:\/\/spokesheaven.com\/en\/?product=speichennippel-14mm-aluminium","og_site_name":"Spokesheaven","article_modified_time":"2024-08-12T11:55:49+00:00","og_image":[{"width":992,"height":1024,"url":"https:\/\/spokesheaven.com\/wp-content\/uploads\/2020\/01\/Galerie-992x1024.png","type":"image\/png"}],"twitter_card":"summary_large_image","schema":{"@context":"https:\/\/schema.org","@graph":[{"@type":"WebPage","@id":"https:\/\/spokesheaven.com\/?product=speichennippel-14mm-aluminium","url":"https:\/\/spokesheaven.com\/?product=speichennippel-14mm-aluminium","name":"Speichennippel, 14mm, Aluminium, (25Stk.) - Spokesheaven","isPartOf":{"@id":"https:\/\/spokesheaven.com\/#website"},"primaryImageOfPage":{"@id":"https:\/\/spokesheaven.com\/?product=speichennippel-14mm-aluminium#primaryimage"},"image":{"@id":"https:\/\/spokesheaven.com\/?product=speichennippel-14mm-aluminium#primaryimage"},"thumbnailUrl":"https:\/\/spokesheaven.com\/wp-content\/uploads\/2020\/01\/Galerie.png","datePublished":"2020-01-17T20:50:56+00:00","dateModified":"2024-08-12T11:55:49+00:00","breadcrumb":{"@id":"https:\/\/spokesheaven.com\/?product=speichennippel-14mm-aluminium#breadcrumb"},"inLanguage":"en-US","potentialAction":[{"@type":"ReadAction","target":["https:\/\/spokesheaven.com\/?product=speichennippel-14mm-aluminium"]}]},{"@type":"ImageObject","inLanguage":"en-US","@id":"https:\/\/spokesheaven.com\/?product=speichennippel-14mm-aluminium#primaryimage","url":"https:\/\/spokesheaven.com\/wp-content\/uploads\/2020\/01\/Galerie.png","contentUrl":"https:\/\/spokesheaven.com\/wp-content\/uploads\/2020\/01\/Galerie.png","width":1255,"height":1296},{"@type":"BreadcrumbList","@id":"https:\/\/spokesheaven.com\/?product=speichennippel-14mm-aluminium#breadcrumb","itemListElement":[{"@type":"ListItem","position":1,"name":"Startseite","item":"https:\/\/spokesheaven.com\/"},{"@type":"ListItem","position":2,"name":"Shop","item":"https:\/\/spokesheaven.com\/shop\/"},{"@type":"ListItem","position":3,"name":"Speichennippel, 14mm, Aluminium, (25Stk.)"}]},{"@type":"WebSite","@id":"https:\/\/spokesheaven.com\/#website","url":"https:\/\/spokesheaven.com\/","name":"Spokesheaven","description":"Specialty Aero Spokes and more","potentialAction":[{"@type":"SearchAction","target":{"@type":"EntryPoint","urlTemplate":"https:\/\/spokesheaven.com\/?s={search_term_string}"},"query-input":{"@type":"PropertyValueSpecification","valueRequired":true,"valueName":"search_term_string"}}],"inLanguage":"en-US"}]}},"jetpack_sharing_enabled":true,"_links":{"self":[{"href":"https:\/\/spokesheaven.com\/en\/wp-json\/wp\/v2\/product\/603","targetHints":{"allow":["GET"]}}],"collection":[{"href":"https:\/\/spokesheaven.com\/en\/wp-json\/wp\/v2\/product"}],"about":[{"href":"https:\/\/spokesheaven.com\/en\/wp-json\/wp\/v2\/types\/product"}],"replies":[{"embeddable":true,"href":"https:\/\/spokesheaven.com\/en\/wp-json\/wp\/v2\/comments?post=603"}],"wp:featuredmedia":[{"embeddable":true,"href":"https:\/\/spokesheaven.com\/en\/wp-json\/wp\/v2\/media\/612"}],"wp:attachment":[{"href":"https:\/\/spokesheaven.com\/en\/wp-json\/wp\/v2\/media?parent=603"}],"wp:term":[{"taxonomy":"product_brand","embeddable":true,"href":"https:\/\/spokesheaven.com\/en\/wp-json\/wp\/v2\/product_brand?post=603"},{"taxonomy":"product_cat","embeddable":true,"href":"https:\/\/spokesheaven.com\/en\/wp-json\/wp\/v2\/product_cat?post=603"},{"taxonomy":"product_tag","embeddable":true,"href":"https:\/\/spokesheaven.com\/en\/wp-json\/wp\/v2\/product_tag?post=603"}],"curies":[{"name":"wp","href":"https:\/\/api.w.org\/{rel}","templated":true}]}}